{"id":61,"date":"2024-03-07T14:50:34","date_gmt":"2024-03-07T19:50:34","guid":{"rendered":"https:\/\/academiacatolica.com\/?page_id=61"},"modified":"2025-09-03T14:35:58","modified_gmt":"2025-09-03T19:35:58","slug":"contacto","status":"publish","type":"page","link":"https:\/\/academiacatolica.com\/index.php\/contacto\/","title":{"rendered":"Contacto"},"content":{"rendered":"<p>[et_pb_section fb_built=\u00bb1&#8243; admin_label=\u00bbHeader\u00bb _builder_version=\u00bb4.24.2&#8243; _module_preset=\u00bbdefault\u00bb background_color=\u00bb#283E51&#8243; custom_padding=\u00bb||40px||false|false\u00bb locked=\u00bboff\u00bb collapsed=\u00bbon\u00bb global_colors_info=\u00bb{}\u00bb][et_pb_row _builder_version=\u00bb4.24.2&#8243; _module_preset=\u00bbdefault\u00bb background_color=\u00bbgcid-dc7481a9-d70d-4c29-b152-17b0ba30940e\u00bb custom_padding=\u00bb0px||0px||true|false\u00bb filter_hue_rotate=\u00bb126deg\u00bb filter_sepia=\u00bb18%\u00bb mix_blend_mode=\u00bbscreen\u00bb global_colors_info=\u00bb{%22gcid-dc7481a9-d70d-4c29-b152-17b0ba30940e%22:%91%22background_color%22%93}\u00bb][et_pb_column type=\u00bb4_4&#8243; _builder_version=\u00bb4.24.2&#8243; _module_preset=\u00bbdefault\u00bb custom_padding=\u00bb60px|8vw|60px|8vw|true|true\u00bb custom_padding_tablet=\u00bb30px|8vw|30px|8vw|true|true\u00bb custom_padding_phone=\u00bb30px||30px||true|true\u00bb custom_padding_last_edited=\u00bbon|tablet\u00bb box_shadow_style=\u00bbpreset1&#8243; box_shadow_color=\u00bb#0A1E2F\u00bb global_colors_info=\u00bb{}\u00bb][et_pb_text _builder_version=\u00bb4.27.4&#8243; _module_preset=\u00bb064d67fe-daf7-4962-9a6a-86737ae50455&#8243; header_text_color=\u00bbgcid-9d0cae7c-074f-4d45-9577-f64cb1aa2c6b\u00bb text_orientation=\u00bbcenter\u00bb custom_margin=\u00bb||10px||false|false\u00bb global_colors_info=\u00bb{%22gcid-9d0cae7c-074f-4d45-9577-f64cb1aa2c6b%22:%91%22header_text_color%22%93}\u00bb]<\/p>\n<h1>Contacto<\/h1>\n<p>[\/et_pb_text][et_pb_text _builder_version=\u00bb4.27.4&#8243; _module_preset=\u00bb94361b56-9c1e-4952-81b3-e5fd8dc58a0b\u00bb text_font=\u00bb&#8211;et_global_heading_font|200|||||||\u00bb text_text_color=\u00bbgcid-9d0cae7c-074f-4d45-9577-f64cb1aa2c6b\u00bb text_orientation=\u00bbcenter\u00bb global_colors_info=\u00bb{%22gcid-9d0cae7c-074f-4d45-9577-f64cb1aa2c6b%22:%91%22text_text_color%22%93}\u00bb]<\/p>\n<p data-start=\"158\" data-end=\"328\"><strong data-start=\"158\" data-end=\"326\">Si desea compartir sus inquietudes espirituales con el P. Tom\u00e1s Beroch y recibir una respuesta cercana y personalizada, si\u00e9ntase con toda la confianza de escribirnos aqu\u00ed.<\/strong><\/p>\n<p data-start=\"330\" data-end=\"500\"><strong data-start=\"330\" data-end=\"498\">Este espacio tambi\u00e9n est\u00e1 abierto para quienes deseen ponerse en contacto con el P. Tom\u00e1s en relaci\u00f3n con entrevistas, invitaciones a eventos o consultas de prensa.<\/strong><\/p>\n<p>[\/et_pb_text][et_pb_contact_form _builder_version=\u00bb4.27.4&#8243; _module_preset=\u00bbd58f626d-597d-4beb-a6ba-062b353d4033&#8243; box_shadow_style_button=\u00bbpreset1&#8243; locked=\u00bboff\u00bb global_colors_info=\u00bb{%22gcid-93e3f830-9462-456c-bf95-d424ca32e812%22:%91%22form_field_text_color%22,%22border_color_all%22%93}\u00bb][et_pb_contact_field field_id=\u00bbName\u00bb field_title=\u00bbNombre\u00bb fullwidth_field=\u00bbon\u00bb _builder_version=\u00bb4.27.4&#8243; _module_preset=\u00bbdefault\u00bb global_colors_info=\u00bb{}\u00bb button_text_size__hover_enabled=\u00bboff\u00bb button_one_text_size__hover_enabled=\u00bboff\u00bb button_two_text_size__hover_enabled=\u00bboff\u00bb button_text_color__hover_enabled=\u00bboff\u00bb button_one_text_color__hover_enabled=\u00bboff\u00bb button_two_text_color__hover_enabled=\u00bboff\u00bb button_border_width__hover_enabled=\u00bboff\u00bb button_one_border_width__hover_enabled=\u00bboff\u00bb button_two_border_width__hover_enabled=\u00bboff\u00bb button_border_color__hover_enabled=\u00bboff\u00bb button_one_border_color__hover_enabled=\u00bboff\u00bb button_two_border_color__hover_enabled=\u00bboff\u00bb button_border_radius__hover_enabled=\u00bboff\u00bb button_one_border_radius__hover_enabled=\u00bboff\u00bb button_two_border_radius__hover_enabled=\u00bboff\u00bb button_letter_spacing__hover_enabled=\u00bboff\u00bb button_one_letter_spacing__hover_enabled=\u00bboff\u00bb button_two_letter_spacing__hover_enabled=\u00bboff\u00bb button_bg_color__hover_enabled=\u00bboff\u00bb button_one_bg_color__hover_enabled=\u00bboff\u00bb button_two_bg_color__hover_enabled=\u00bboff\u00bb][\/et_pb_contact_field][et_pb_contact_field field_id=\u00bbEmail\u00bb field_title=\u00bbCorreo electr\u00f3nico\u00bb field_type=\u00bbemail\u00bb fullwidth_field=\u00bbon\u00bb _builder_version=\u00bb4.27.4&#8243; _module_preset=\u00bbdefault\u00bb form_field_font=\u00bb&#8211;et_global_heading_font|700||on|||||\u00bb global_colors_info=\u00bb{}\u00bb button_text_size__hover_enabled=\u00bboff\u00bb button_one_text_size__hover_enabled=\u00bboff\u00bb button_two_text_size__hover_enabled=\u00bboff\u00bb button_text_color__hover_enabled=\u00bboff\u00bb button_one_text_color__hover_enabled=\u00bboff\u00bb button_two_text_color__hover_enabled=\u00bboff\u00bb button_border_width__hover_enabled=\u00bboff\u00bb button_one_border_width__hover_enabled=\u00bboff\u00bb button_two_border_width__hover_enabled=\u00bboff\u00bb button_border_color__hover_enabled=\u00bboff\u00bb button_one_border_color__hover_enabled=\u00bboff\u00bb button_two_border_color__hover_enabled=\u00bboff\u00bb button_border_radius__hover_enabled=\u00bboff\u00bb button_one_border_radius__hover_enabled=\u00bboff\u00bb button_two_border_radius__hover_enabled=\u00bboff\u00bb button_letter_spacing__hover_enabled=\u00bboff\u00bb button_one_letter_spacing__hover_enabled=\u00bboff\u00bb button_two_letter_spacing__hover_enabled=\u00bboff\u00bb button_bg_color__hover_enabled=\u00bboff\u00bb button_one_bg_color__hover_enabled=\u00bboff\u00bb button_two_bg_color__hover_enabled=\u00bboff\u00bb][\/et_pb_contact_field][et_pb_contact_field field_id=\u00bbMessage\u00bb field_title=\u00bbMensaje\u00bb field_type=\u00bbtext\u00bb fullwidth_field=\u00bbon\u00bb _builder_version=\u00bb4.27.4&#8243; _module_preset=\u00bbdefault\u00bb form_field_font=\u00bb&#8211;et_global_heading_font|700||on|||||\u00bb global_colors_info=\u00bb{}\u00bb button_text_size__hover_enabled=\u00bboff\u00bb button_one_text_size__hover_enabled=\u00bboff\u00bb button_two_text_size__hover_enabled=\u00bboff\u00bb button_text_color__hover_enabled=\u00bboff\u00bb button_one_text_color__hover_enabled=\u00bboff\u00bb button_two_text_color__hover_enabled=\u00bboff\u00bb button_border_width__hover_enabled=\u00bboff\u00bb button_one_border_width__hover_enabled=\u00bboff\u00bb button_two_border_width__hover_enabled=\u00bboff\u00bb button_border_color__hover_enabled=\u00bboff\u00bb button_one_border_color__hover_enabled=\u00bboff\u00bb button_two_border_color__hover_enabled=\u00bboff\u00bb button_border_radius__hover_enabled=\u00bboff\u00bb button_one_border_radius__hover_enabled=\u00bboff\u00bb button_two_border_radius__hover_enabled=\u00bboff\u00bb button_letter_spacing__hover_enabled=\u00bboff\u00bb button_one_letter_spacing__hover_enabled=\u00bboff\u00bb button_two_letter_spacing__hover_enabled=\u00bboff\u00bb button_bg_color__hover_enabled=\u00bboff\u00bb button_one_bg_color__hover_enabled=\u00bboff\u00bb button_two_bg_color__hover_enabled=\u00bboff\u00bb][\/et_pb_contact_field][\/et_pb_contact_form][\/et_pb_column][\/et_pb_row][\/et_pb_section][et_pb_section fb_built=\u00bb1&#8243; admin_label=\u00bbContact Info\u00bb _builder_version=\u00bb4.27.4&#8243; _module_preset=\u00bbdefault\u00bb background_color=\u00bb#0A1E2F\u00bb collapsed=\u00bbon\u00bb global_colors_info=\u00bb{}\u00bb][et_pb_row column_structure=\u00bb1_3,1_3,1_3&#8243; _builder_version=\u00bb4.22.0&#8243; _module_preset=\u00bbdefault\u00bb global_colors_info=\u00bb{}\u00bb][et_pb_column type=\u00bb1_3&#8243; _builder_version=\u00bb4.22.0&#8243; _module_preset=\u00bbdefault\u00bb global_colors_info=\u00bb{}\u00bb][et_pb_icon font_icon=\u00bb&#xf5eb;||fa||900&#8243; icon_color=\u00bb#FFFFFF\u00bb icon_width=\u00bb24px\u00bb align=\u00bbleft\u00bb _builder_version=\u00bb4.22.0&#8243; _module_preset=\u00bbdefault\u00bb background_color=\u00bbgcid-9d0cae7c-074f-4d45-9577-f64cb1aa2c6b\u00bb custom_padding=\u00bb12px|12px|12px|12px|true|true\u00bb border_radii=\u00bbon|100px|100px|100px|100px\u00bb global_colors_info=\u00bb{%22gcid-9d0cae7c-074f-4d45-9577-f64cb1aa2c6b%22:%91%22background_color%22%93}\u00bb][\/et_pb_icon][et_pb_text _builder_version=\u00bb4.27.4&#8243; _module_preset=\u00bbb2d9fd97-3138-4a85-a5a6-938f9cfa84b7&#8243; header_4_text_color=\u00bb#ffffff\u00bb global_colors_info=\u00bb{}\u00bb]<\/p>\n<h4>Address<\/h4>\n<p>[\/et_pb_text][et_pb_text _builder_version=\u00bb4.27.4&#8243; _module_preset=\u00bb5d52a8b5-cf75-43dc-8733-7aeb9e63fc4c\u00bb text_text_color=\u00bb#ffffff\u00bb link_text_color=\u00bb#FFFFFF\u00bb global_colors_info=\u00bb{}\u00bb]<\/p>\n<p>Weekdays: 6am &#8211; 10pm<br \/>Weekends: 6am &#8211; 7pm<\/p>\n<p>[\/et_pb_text][\/et_pb_column][et_pb_column type=\u00bb1_3&#8243; _builder_version=\u00bb4.22.0&#8243; _module_preset=\u00bbdefault\u00bb global_colors_info=\u00bb{}\u00bb][et_pb_icon font_icon=\u00bb&#xf2b6;||fa||900&#8243; icon_color=\u00bb#FFFFFF\u00bb icon_width=\u00bb24px\u00bb align=\u00bbleft\u00bb _builder_version=\u00bb4.22.0&#8243; _module_preset=\u00bbdefault\u00bb background_color=\u00bbgcid-9d0cae7c-074f-4d45-9577-f64cb1aa2c6b\u00bb custom_padding=\u00bb12px|12px|12px|12px|true|true\u00bb border_radii=\u00bbon|100px|100px|100px|100px\u00bb global_colors_info=\u00bb{%22gcid-9d0cae7c-074f-4d45-9577-f64cb1aa2c6b%22:%91%22background_color%22%93,%22gcid-39c39fce-5264-4a4c-9266-982a8a79f610%22:%91%22background_color%22%93}\u00bb][\/et_pb_icon][et_pb_text _builder_version=\u00bb4.27.4&#8243; _module_preset=\u00bbb2d9fd97-3138-4a85-a5a6-938f9cfa84b7&#8243; header_4_text_color=\u00bb#ffffff\u00bb locked=\u00bboff\u00bb global_colors_info=\u00bb{}\u00bb]<\/p>\n<h4>Email Address<\/h4>\n<p>[\/et_pb_text][et_pb_text _builder_version=\u00bb4.27.4&#8243; _module_preset=\u00bb5d52a8b5-cf75-43dc-8733-7aeb9e63fc4c\u00bb text_text_color=\u00bb#ffffff\u00bb link_text_color=\u00bb#FFFFFF\u00bb global_colors_info=\u00bb{}\u00bb]<\/p>\n<p><a href=\"mailto:fathertbtritten@gmail.com\">fathertbtritten@gmail.com<\/a><\/p>\n<p>[\/et_pb_text][\/et_pb_column][et_pb_column type=\u00bb1_3&#8243; _builder_version=\u00bb4.22.0&#8243; _module_preset=\u00bbdefault\u00bb global_colors_info=\u00bb{}\u00bb][et_pb_icon font_icon=\u00bb&#xe090;||divi||400&#8243; icon_color=\u00bb#FFFFFF\u00bb icon_width=\u00bb24px\u00bb align=\u00bbleft\u00bb _builder_version=\u00bb4.22.0&#8243; _module_preset=\u00bbdefault\u00bb background_color=\u00bbgcid-9d0cae7c-074f-4d45-9577-f64cb1aa2c6b\u00bb custom_padding=\u00bb12px|12px|12px|12px|true|true\u00bb border_radii=\u00bbon|100px|100px|100px|100px\u00bb global_colors_info=\u00bb{%22gcid-9d0cae7c-074f-4d45-9577-f64cb1aa2c6b%22:%91%22background_color%22,%22icon_color%22%93}\u00bb][\/et_pb_icon][et_pb_text _builder_version=\u00bb4.27.4&#8243; _module_preset=\u00bbb2d9fd97-3138-4a85-a5a6-938f9cfa84b7&#8243; header_4_text_color=\u00bb#ffffff\u00bb global_colors_info=\u00bb{}\u00bb]<\/p>\n<h4>Phone Number<\/h4>\n<p>[\/et_pb_text][et_pb_text _builder_version=\u00bb4.22.0&#8243; _module_preset=\u00bb5d52a8b5-cf75-43dc-8733-7aeb9e63fc4c\u00bb text_text_color=\u00bb#000000&#8243; link_text_color=\u00bb#FFFFFF\u00bb global_colors_info=\u00bb{}\u00bb]<\/p>\n<p>(255) 352-6258<\/p>\n<p>[\/et_pb_text][\/et_pb_column][\/et_pb_row][\/et_pb_section]<\/p>\n","protected":false},"excerpt":{"rendered":"<p>ContactoSi desea compartir sus inquietudes espirituales con el P. Tom\u00e1s Beroch y recibir una respuesta cercana y personalizada, si\u00e9ntase con toda la confianza de escribirnos aqu\u00ed. Este espacio tambi\u00e9n est\u00e1 abierto para quienes deseen ponerse en contacto con el P. Tom\u00e1s en relaci\u00f3n con entrevistas, invitaciones a eventos o consultas de prensa.AddressWeekdays: 6am &#8211; 10pmWeekends: [&hellip;]<\/p>\n","protected":false},"author":1,"featured_media":0,"parent":0,"menu_order":0,"comment_status":"closed","ping_status":"closed","template":"","meta":{"_et_pb_use_builder":"on","_et_pb_old_content":"<!-- wp:divi\/placeholder \/-->","_et_gb_content_width":"","footnotes":""},"class_list":["post-61","page","type-page","status-publish","hentry"],"yoast_head":"<!-- This site is optimized with the Yoast SEO plugin v27.3 - https:\/\/yoast.com\/product\/yoast-seo-wordpress\/ -->\n<title>Contacto - academiacatolica.com | Hacia la contemplaci\u00f3n de la verdad<\/title>\n<meta name=\"robots\" content=\"index, follow, max-snippet:-1, max-image-preview:large, max-video-preview:-1\" \/>\n<link rel=\"canonical\" href=\"https:\/\/academiacatolica.com\/index.php\/contacto\/\" \/>\n<meta property=\"og:locale\" content=\"es_ES\" \/>\n<meta property=\"og:type\" content=\"article\" \/>\n<meta property=\"og:title\" content=\"Contacto - academiacatolica.com | Hacia la contemplaci\u00f3n de la verdad\" \/>\n<meta property=\"og:description\" content=\"ContactoSi desea compartir sus inquietudes espirituales con el P. Tom\u00e1s Beroch y recibir una respuesta cercana y personalizada, si\u00e9ntase con toda la confianza de escribirnos aqu\u00ed. Este espacio tambi\u00e9n est\u00e1 abierto para quienes deseen ponerse en contacto con el P. Tom\u00e1s en relaci\u00f3n con entrevistas, invitaciones a eventos o consultas de prensa.AddressWeekdays: 6am - 10pmWeekends: [&hellip;]\" \/>\n<meta property=\"og:url\" content=\"https:\/\/academiacatolica.com\/index.php\/contacto\/\" \/>\n<meta property=\"og:site_name\" content=\"academiacatolica.com | Hacia la contemplaci\u00f3n de la verdad\" \/>\n<meta property=\"article:modified_time\" content=\"2025-09-03T19:35:58+00:00\" \/>\n<meta name=\"twitter:card\" content=\"summary_large_image\" \/>\n<meta name=\"twitter:label1\" content=\"Tiempo de lectura\" \/>\n\t<meta name=\"twitter:data1\" content=\"7 minutos\" \/>\n<script type=\"application\/ld+json\" class=\"yoast-schema-graph\">{\"@context\":\"https:\\\/\\\/schema.org\",\"@graph\":[{\"@type\":\"WebPage\",\"@id\":\"https:\\\/\\\/academiacatolica.com\\\/index.php\\\/contacto\\\/\",\"url\":\"https:\\\/\\\/academiacatolica.com\\\/index.php\\\/contacto\\\/\",\"name\":\"Contacto - academiacatolica.com | Hacia la contemplaci\u00f3n de la verdad\",\"isPartOf\":{\"@id\":\"https:\\\/\\\/academiacatolica.com\\\/#website\"},\"datePublished\":\"2024-03-07T19:50:34+00:00\",\"dateModified\":\"2025-09-03T19:35:58+00:00\",\"breadcrumb\":{\"@id\":\"https:\\\/\\\/academiacatolica.com\\\/index.php\\\/contacto\\\/#breadcrumb\"},\"inLanguage\":\"es\",\"potentialAction\":[{\"@type\":\"ReadAction\",\"target\":[\"https:\\\/\\\/academiacatolica.com\\\/index.php\\\/contacto\\\/\"]}]},{\"@type\":\"BreadcrumbList\",\"@id\":\"https:\\\/\\\/academiacatolica.com\\\/index.php\\\/contacto\\\/#breadcrumb\",\"itemListElement\":[{\"@type\":\"ListItem\",\"position\":1,\"name\":\"Home\",\"item\":\"https:\\\/\\\/academiacatolica.com\\\/\"},{\"@type\":\"ListItem\",\"position\":2,\"name\":\"Contacto\"}]},{\"@type\":\"WebSite\",\"@id\":\"https:\\\/\\\/academiacatolica.com\\\/#website\",\"url\":\"https:\\\/\\\/academiacatolica.com\\\/\",\"name\":\"academiacatolica.com | Hacia la contemplaci\u00f3n de la verdad\",\"description\":\"P\u00e1gina Web Oficial del P. Tom\u00e1s Agust\u00edn Beroch - Catequesis digital\",\"potentialAction\":[{\"@type\":\"SearchAction\",\"target\":{\"@type\":\"EntryPoint\",\"urlTemplate\":\"https:\\\/\\\/academiacatolica.com\\\/?s={search_term_string}\"},\"query-input\":{\"@type\":\"PropertyValueSpecification\",\"valueRequired\":true,\"valueName\":\"search_term_string\"}}],\"inLanguage\":\"es\"}]}<\/script>\n<!-- \/ Yoast SEO plugin. -->","yoast_head_json":{"title":"Contacto - academiacatolica.com | Hacia la contemplaci\u00f3n de la verdad","robots":{"index":"index","follow":"follow","max-snippet":"max-snippet:-1","max-image-preview":"max-image-preview:large","max-video-preview":"max-video-preview:-1"},"canonical":"https:\/\/academiacatolica.com\/index.php\/contacto\/","og_locale":"es_ES","og_type":"article","og_title":"Contacto - academiacatolica.com | Hacia la contemplaci\u00f3n de la verdad","og_description":"ContactoSi desea compartir sus inquietudes espirituales con el P. Tom\u00e1s Beroch y recibir una respuesta cercana y personalizada, si\u00e9ntase con toda la confianza de escribirnos aqu\u00ed. Este espacio tambi\u00e9n est\u00e1 abierto para quienes deseen ponerse en contacto con el P. Tom\u00e1s en relaci\u00f3n con entrevistas, invitaciones a eventos o consultas de prensa.AddressWeekdays: 6am - 10pmWeekends: [&hellip;]","og_url":"https:\/\/academiacatolica.com\/index.php\/contacto\/","og_site_name":"academiacatolica.com | Hacia la contemplaci\u00f3n de la verdad","article_modified_time":"2025-09-03T19:35:58+00:00","twitter_card":"summary_large_image","twitter_misc":{"Tiempo de lectura":"7 minutos"},"schema":{"@context":"https:\/\/schema.org","@graph":[{"@type":"WebPage","@id":"https:\/\/academiacatolica.com\/index.php\/contacto\/","url":"https:\/\/academiacatolica.com\/index.php\/contacto\/","name":"Contacto - academiacatolica.com | Hacia la contemplaci\u00f3n de la verdad","isPartOf":{"@id":"https:\/\/academiacatolica.com\/#website"},"datePublished":"2024-03-07T19:50:34+00:00","dateModified":"2025-09-03T19:35:58+00:00","breadcrumb":{"@id":"https:\/\/academiacatolica.com\/index.php\/contacto\/#breadcrumb"},"inLanguage":"es","potentialAction":[{"@type":"ReadAction","target":["https:\/\/academiacatolica.com\/index.php\/contacto\/"]}]},{"@type":"BreadcrumbList","@id":"https:\/\/academiacatolica.com\/index.php\/contacto\/#breadcrumb","itemListElement":[{"@type":"ListItem","position":1,"name":"Home","item":"https:\/\/academiacatolica.com\/"},{"@type":"ListItem","position":2,"name":"Contacto"}]},{"@type":"WebSite","@id":"https:\/\/academiacatolica.com\/#website","url":"https:\/\/academiacatolica.com\/","name":"academiacatolica.com | Hacia la contemplaci\u00f3n de la verdad","description":"P\u00e1gina Web Oficial del P. Tom\u00e1s Agust\u00edn Beroch - Catequesis digital","potentialAction":[{"@type":"SearchAction","target":{"@type":"EntryPoint","urlTemplate":"https:\/\/academiacatolica.com\/?s={search_term_string}"},"query-input":{"@type":"PropertyValueSpecification","valueRequired":true,"valueName":"search_term_string"}}],"inLanguage":"es"}]}},"_links":{"self":[{"href":"https:\/\/academiacatolica.com\/index.php\/wp-json\/wp\/v2\/pages\/61","targetHints":{"allow":["GET"]}}],"collection":[{"href":"https:\/\/academiacatolica.com\/index.php\/wp-json\/wp\/v2\/pages"}],"about":[{"href":"https:\/\/academiacatolica.com\/index.php\/wp-json\/wp\/v2\/types\/page"}],"author":[{"embeddable":true,"href":"https:\/\/academiacatolica.com\/index.php\/wp-json\/wp\/v2\/users\/1"}],"replies":[{"embeddable":true,"href":"https:\/\/academiacatolica.com\/index.php\/wp-json\/wp\/v2\/comments?post=61"}],"version-history":[{"count":10,"href":"https:\/\/academiacatolica.com\/index.php\/wp-json\/wp\/v2\/pages\/61\/revisions"}],"predecessor-version":[{"id":1131,"href":"https:\/\/academiacatolica.com\/index.php\/wp-json\/wp\/v2\/pages\/61\/revisions\/1131"}],"wp:attachment":[{"href":"https:\/\/academiacatolica.com\/index.php\/wp-json\/wp\/v2\/media?parent=61"}],"curies":[{"name":"wp","href":"https:\/\/api.w.org\/{rel}","templated":true}]}}