{"id":821,"date":"2025-02-12T14:27:39","date_gmt":"2025-02-12T19:27:39","guid":{"rendered":"https:\/\/academiacatolica.com\/?page_id=821"},"modified":"2025-07-23T17:27:33","modified_gmt":"2025-07-23T22:27:33","slug":"lecturas-recomendadas","status":"publish","type":"page","link":"https:\/\/academiacatolica.com\/index.php\/lecturas-recomendadas\/","title":{"rendered":"Lecturas Recomendadas"},"content":{"rendered":"<p>[et_pb_section fb_built=\u00bb1&#8243; custom_padding_last_edited=\u00bbon|phone\u00bb admin_label=\u00bbHeader\u00bb _builder_version=\u00bb4.27.4&#8243; _module_preset=\u00bbdefault\u00bb background_color=\u00bb#3A0400&#8243; background_image=\u00bbhttps:\/\/academiacatolica.com\/wp-content\/uploads\/2025\/06\/20250611_2107_Monje-Medieval-Escribiendo_simple_compose_01jxgy5hjsfed99x2td3cg1ar9-1.png\u00bb background_size=\u00bbcontain\u00bb background_position=\u00bbtop_right\u00bb background_horizontal_offset=\u00bb0%\u00bb background_blend=\u00bboverlay\u00bb custom_padding=\u00bb11px||11px||true|false\u00bb custom_padding_tablet=\u00bb217px||217px||true|false\u00bb custom_padding_phone=\u00bb2px||2px||true|false\u00bb background_last_edited=\u00bbon|phone\u00bb background_position_phone=\u00bbtop_center\u00bb collapsed=\u00bbon\u00bb global_colors_info=\u00bb{}\u00bb][et_pb_row _builder_version=\u00bb4.27.4&#8243; _module_preset=\u00bbdefault\u00bb global_colors_info=\u00bb{}\u00bb][et_pb_column type=\u00bb4_4&#8243; _builder_version=\u00bb4.27.4&#8243; _module_preset=\u00bbdefault\u00bb global_colors_info=\u00bb{}\u00bb][et_pb_text _builder_version=\u00bb4.27.4&#8243; _module_preset=\u00bbdefault\u00bb text_font=\u00bb&#8211;et_global_heading_font||||||||\u00bb text_text_color=\u00bbrgba(255,255,255,0.74)\u00bb text_font_size=\u00bb73px\u00bb text_line_height=\u00bb0.8em\u00bb text_font_size_tablet=\u00bb73px\u00bb text_font_size_phone=\u00bb40px\u00bb text_font_size_last_edited=\u00bbon|phone\u00bb global_colors_info=\u00bb{}\u00bb]<\/p>\n<p>Lecturas Recomendadas<\/p>\n<p>[\/et_pb_text][\/et_pb_column][\/et_pb_row][\/et_pb_section][et_pb_section fb_built=\u00bb1&#8243; admin_label=\u00bbProducts &#8211; New Releases\u00bb _builder_version=\u00bb4.27.4&#8243; _module_preset=\u00bbdefault\u00bb background_enable_color=\u00bboff\u00bb collapsed=\u00bbon\u00bb global_colors_info=\u00bb{}\u00bb][et_pb_row _builder_version=\u00bb4.22.0&#8243; _module_preset=\u00bbdefault\u00bb global_colors_info=\u00bb{}\u00bb][et_pb_column type=\u00bb4_4&#8243; _builder_version=\u00bb4.22.0&#8243; _module_preset=\u00bbdefault\u00bb global_colors_info=\u00bb{}\u00bb][et_pb_text _builder_version=\u00bb4.27.4&#8243; _module_preset=\u00bba9abf606-daa6-434f-a2df-a22206e6c301&#8243; header_2_font=\u00bbAbyssinica SIL|600|||||||\u00bb global_colors_info=\u00bb{}\u00bb]<\/p>\n<h2>Econom\u00eda y Pol\u00edtica<\/h2>\n<p>[\/et_pb_text][\/et_pb_column][\/et_pb_row][et_pb_row column_structure=\u00bb1_4,1_4,1_4,1_4&#8243; _builder_version=\u00bb4.27.4&#8243; _module_preset=\u00bbdefault\u00bb global_colors_info=\u00bb{}\u00bb][et_pb_column type=\u00bb1_4&#8243; _builder_version=\u00bb4.27.4&#8243; _module_preset=\u00bbdefault\u00bb global_colors_info=\u00bb{}\u00bb][et_pb_blurb title=\u00bbConcepci\u00f3n Cat\u00f3lica de la Econom\u00eda &#8211;  Julio Meinvielle\u00bb url=\u00bbhttps:\/\/editorial.quenotelacuenten.org\/productos\/concepcion-catolica-de-la-economia\/\u00bb image=\u00bbhttps:\/\/academiacatolica.com\/wp-content\/uploads\/2025\/02\/concepcion-catolica-de-la-economia-editorial-qntlc-22f2b8bda8fc658bab17211777068237-640-0.webp\u00bb _builder_version=\u00bb4.27.4&#8243; _module_preset=\u00bbdefault\u00bb header_font=\u00bbAbyssinica SIL|700|||||||\u00bb header_text_align=\u00bbcenter\u00bb header_text_color=\u00bb#283E51&#8243; body_font=\u00bbAbyssinica SIL||||||||\u00bb body_text_align=\u00bbjustify\u00bb body_text_color=\u00bb#0A1E2F\u00bb body_font_size=\u00bb15px\u00bb body_line_height=\u00bb1.3em\u00bb global_colors_info=\u00bb{}\u00bb]<\/p>\n<p><span>La econom\u00eda no tiene un fin en s\u00ed, como si fuese un Dios. La econom\u00eda est\u00e1 en funci\u00f3n del hombre. Debe servir al hombre<\/span><\/p>\n<p>[\/et_pb_blurb][\/et_pb_column][et_pb_column type=\u00bb1_4&#8243; _builder_version=\u00bb4.27.4&#8243; _module_preset=\u00bbdefault\u00bb global_colors_info=\u00bb{}\u00bb][et_pb_blurb title=\u00bbEl Comunismo y la Conciencia Occidental &#8211; Monse\u00f1or Fulton Sheen\u00bb url=\u00bbhttps:\/\/www.editorialisabeldecastilla.com\/productos\/el-comunismo-y-la-conciencia-occidental-152928&#8243; image=\u00bbhttps:\/\/academiacatolica.com\/wp-content\/uploads\/2025\/02\/efuhlmuxstyrdbcmepit.webp\u00bb _builder_version=\u00bb4.27.4&#8243; _module_preset=\u00bbdefault\u00bb header_font=\u00bbAbyssinica SIL|700|||||||\u00bb header_text_align=\u00bbcenter\u00bb header_text_color=\u00bb#283E51&#8243; body_font=\u00bbAbyssinica SIL||||||||\u00bb body_text_align=\u00bbjustify\u00bb body_text_color=\u00bb#0A1E2F\u00bb body_font_size=\u00bb15px\u00bb body_line_height=\u00bb1.3em\u00bb global_colors_info=\u00bb{}\u00bb]<\/p>\n<p><span>La econom\u00eda no tiene un fin en s\u00ed, como si fuese un Dios. La econom\u00eda est\u00e1 en funci\u00f3n del hombre. Debe servir al hombre<\/span><\/p>\n<p>[\/et_pb_blurb][\/et_pb_column][et_pb_column type=\u00bb1_4&#8243; _builder_version=\u00bb4.27.4&#8243; _module_preset=\u00bbdefault\u00bb global_colors_info=\u00bb{}\u00bb][\/et_pb_column][et_pb_column type=\u00bb1_4&#8243; _builder_version=\u00bb4.27.4&#8243; _module_preset=\u00bbdefault\u00bb global_colors_info=\u00bb{}\u00bb][\/et_pb_column][\/et_pb_row][et_pb_row _builder_version=\u00bb4.22.0&#8243; _module_preset=\u00bbdefault\u00bb global_colors_info=\u00bb{}\u00bb][et_pb_column type=\u00bb4_4&#8243; _builder_version=\u00bb4.22.0&#8243; _module_preset=\u00bbdefault\u00bb global_colors_info=\u00bb{}\u00bb][et_pb_text _builder_version=\u00bb4.27.4&#8243; _module_preset=\u00bba9abf606-daa6-434f-a2df-a22206e6c301&#8243; global_colors_info=\u00bb{}\u00bb]<\/p>\n<h2>Biblias y Meditaci\u00f3n<\/h2>\n<p>[\/et_pb_text][\/et_pb_column][\/et_pb_row][et_pb_row column_structure=\u00bb1_4,1_4,1_4,1_4&#8243; _builder_version=\u00bb4.27.4&#8243; _module_preset=\u00bbdefault\u00bb global_colors_info=\u00bb{}\u00bb][et_pb_column type=\u00bb1_4&#8243; _builder_version=\u00bb4.27.4&#8243; _module_preset=\u00bbdefault\u00bb global_colors_info=\u00bb{}\u00bb][et_pb_blurb title=\u00bbSagrada Biblia &#8211; Mons. Straubinger\u00bb url=\u00bbhttps:\/\/editorial.quenotelacuenten.org\/productos\/sagrada-biblia-mons-straubinger-en-dos-tomos\/\u00bb image=\u00bbhttps:\/\/academiacatolica.com\/wp-content\/uploads\/2025\/02\/santa-biblia-editorial-qntlc-bd0ea7a39f87b5cbca17190724774491-640-0.webp\u00bb _builder_version=\u00bb4.27.4&#8243; _module_preset=\u00bbdefault\u00bb header_font=\u00bbAbyssinica SIL|700|||||||\u00bb header_text_align=\u00bbcenter\u00bb header_text_color=\u00bb#283E51&#8243; body_font=\u00bbAbyssinica SIL||||||||\u00bb body_text_align=\u00bbjustify\u00bb body_text_color=\u00bb#0A1E2F\u00bb body_font_size=\u00bb15px\u00bb body_line_height=\u00bb1.3em\u00bb global_colors_info=\u00bb{}\u00bb]<\/p>\n<p id=\"product-name\" class=\"product-name h2 h4-xs\" itemprop=\"name\" data-store=\"product-name-192742653\" data-component=\"product.name\" data-component-value=\"Sagrada Biblia - Mons. Straubinger. Traducci\u00f3n directa de los textos primitivos en DOS TOMOS\">Sagrada Biblia &#8211; Mons. Straubinger. Traducci\u00f3n directa de los textos primitivos en dos tomos<\/p>\n<p>[\/et_pb_blurb][\/et_pb_column][et_pb_column type=\u00bb1_4&#8243; _builder_version=\u00bb4.27.4&#8243; _module_preset=\u00bbdefault\u00bb global_colors_info=\u00bb{}\u00bb][et_pb_blurb title=\u00bbMeditaciones para cada d\u00eda del A\u00f1o &#8211; Padre Hamon\u00bb url=\u00bbhttps:\/\/www.editorialisabeldecastilla.com\/productos\/meditaciones-del-padre-hamon-coleccion-completa-279299&#8243; image=\u00bbhttps:\/\/academiacatolica.com\/wp-content\/uploads\/2025\/02\/jfyx58qhndbfbkht1keq.webp\u00bb _builder_version=\u00bb4.27.4&#8243; _module_preset=\u00bbdefault\u00bb header_font=\u00bbAbyssinica SIL|700|||||||\u00bb header_text_align=\u00bbcenter\u00bb header_text_color=\u00bb#283E51&#8243; body_font=\u00bbAbyssinica SIL||||||||\u00bb body_text_align=\u00bbjustify\u00bb body_text_color=\u00bb#0A1E2F\u00bb body_font_size=\u00bb15px\u00bb body_line_height=\u00bb1.3em\u00bb global_colors_info=\u00bb{}\u00bb]<\/p>\n<p data-pm-slice=\"1 1 []\"><span>Sum\u00e9rgete en una jornada espiritual transformadora con este curso de meditaciones, una colecci\u00f3n inspiradora de meditaciones cat\u00f3licas para cada d\u00eda del a\u00f1o, escritas por el Padre Andr\u00e9s Hamon.<\/span><\/p>\n<p>[\/et_pb_blurb][\/et_pb_column][et_pb_column type=\u00bb1_4&#8243; _builder_version=\u00bb4.27.4&#8243; _module_preset=\u00bbdefault\u00bb global_colors_info=\u00bb{}\u00bb][\/et_pb_column][et_pb_column type=\u00bb1_4&#8243; _builder_version=\u00bb4.27.4&#8243; _module_preset=\u00bbdefault\u00bb global_colors_info=\u00bb{}\u00bb][\/et_pb_column][\/et_pb_row][et_pb_row _builder_version=\u00bb4.27.4&#8243; _module_preset=\u00bbdefault\u00bb global_colors_info=\u00bb{}\u00bb][et_pb_column type=\u00bb4_4&#8243; _builder_version=\u00bb4.27.4&#8243; _module_preset=\u00bbdefault\u00bb global_colors_info=\u00bb{}\u00bb][et_pb_text _builder_version=\u00bb4.27.4&#8243; _module_preset=\u00bba9abf606-daa6-434f-a2df-a22206e6c301&#8243; global_colors_info=\u00bb{}\u00bb]<\/p>\n<h2>Sectas y Religiones<\/h2>\n<p>[\/et_pb_text][\/et_pb_column][\/et_pb_row][et_pb_row column_structure=\u00bb1_4,1_4,1_4,1_4&#8243; _builder_version=\u00bb4.27.4&#8243; _module_preset=\u00bbdefault\u00bb global_colors_info=\u00bb{}\u00bb][et_pb_column type=\u00bb1_4&#8243; _builder_version=\u00bb4.27.4&#8243; _module_preset=\u00bbdefault\u00bb global_colors_info=\u00bb{}\u00bb][et_pb_blurb title=\u00bbTinieblas Tibetanas &#8211; R. P. Dr. Federico Juan Highton, S.E\u00bb url=\u00bbhttps:\/\/www.amazon.com\/-\/es\/Federico-Highton\/dp\/9878805891&#8243; image=\u00bbhttps:\/\/academiacatolica.com\/wp-content\/uploads\/2025\/02\/tinieblas-tibetanas-del-yoga-y-el-mandala-al-femicidio-ritual-p-federico-juan-highton-editorial-qntlc1-478880bb8a5dc44d7c16289075470592-640-0.webp\u00bb _builder_version=\u00bb4.27.4&#8243; _module_preset=\u00bbdefault\u00bb header_font=\u00bbAbyssinica SIL|700|||||||\u00bb header_text_align=\u00bbcenter\u00bb header_text_color=\u00bb#283E51&#8243; body_font=\u00bbAbyssinica SIL||||||||\u00bb body_text_align=\u00bbjustify\u00bb body_text_color=\u00bb#0A1E2F\u00bb body_font_size=\u00bb15px\u00bb body_line_height=\u00bb1.3em\u00bb global_colors_info=\u00bb{}\u00bb]<\/p>\n<p id=\"title\" class=\"a-spacing-none a-text-normal\"><span id=\"productTitle\" class=\"a-size-large celwidget\" data-cel-widget=\"productTitle\" data-csa-c-id=\"w3o5q7-w2zon8-8zrn0i-ppqy1s\">Tinieblas tibetanas: Del yoga y el mandala al femicidio ritual (Spanish Edition)<\/span><\/p>\n<p>[\/et_pb_blurb][\/et_pb_column][et_pb_column type=\u00bb1_4&#8243; _builder_version=\u00bb4.27.4&#8243; _module_preset=\u00bbdefault\u00bb global_colors_info=\u00bb{}\u00bb][et_pb_blurb title=\u00bbGoodbye, Good Men &#8211;  Michael S. Rose\u00bb url=\u00bbhttps:\/\/www.amazon.com\/Goodbye-Good-Men-Liberals-Corruption\/dp\/0895261448\/?_encoding=UTF8&#038;pd_rd_w=60JcK&#038;content-id=amzn1.sym.bc3ba8d1-5076-4ab7-9ba8-a5c6211e002d&#038;pf_rd_p=bc3ba8d1-5076-4ab7-9ba8-a5c6211e002d&#038;pf_rd_r=138-8834137-2096966&#038;pd_rd_wg=HDSlp&#038;pd_rd_r=d78b4643-02d7-464e-84c8-a25a52183cbb&#038;ref_=aufs_ap_sc_dsk\u00bb image=\u00bbhttps:\/\/academiacatolica.com\/wp-content\/uploads\/2025\/02\/91SmRYZJeHL._SL1500_.jpg\u00bb _builder_version=\u00bb4.27.4&#8243; _module_preset=\u00bbdefault\u00bb header_font=\u00bbAbyssinica SIL|700|||||||\u00bb header_text_align=\u00bbcenter\u00bb header_text_color=\u00bb#283E51&#8243; body_font=\u00bbAbyssinica SIL||||||||\u00bb body_text_align=\u00bbcenter\u00bb body_text_color=\u00bb#0A1E2F\u00bb body_font_size=\u00bb15px\u00bb body_line_height=\u00bb1.3em\u00bb global_colors_info=\u00bb{}\u00bb]<\/p>\n<p id=\"title\" class=\"a-spacing-none a-text-normal\"><span>how radical liberalism has infiltrated the Catholic Church, overthrowing traditional beliefs, standards, and disciplines.<\/span><\/p>\n<p>[\/et_pb_blurb][\/et_pb_column][et_pb_column type=\u00bb1_4&#8243; _builder_version=\u00bb4.27.4&#8243; _module_preset=\u00bbdefault\u00bb global_colors_info=\u00bb{}\u00bb][\/et_pb_column][et_pb_column type=\u00bb1_4&#8243; _builder_version=\u00bb4.27.4&#8243; _module_preset=\u00bbdefault\u00bb global_colors_info=\u00bb{}\u00bb][\/et_pb_column][\/et_pb_row][et_pb_row _builder_version=\u00bb4.22.0&#8243; _module_preset=\u00bbdefault\u00bb global_colors_info=\u00bb{}\u00bb][et_pb_column type=\u00bb4_4&#8243; _builder_version=\u00bb4.22.0&#8243; _module_preset=\u00bbdefault\u00bb global_colors_info=\u00bb{}\u00bb][et_pb_text _builder_version=\u00bb4.27.4&#8243; _module_preset=\u00bba9abf606-daa6-434f-a2df-a22206e6c301&#8243; global_colors_info=\u00bb{}\u00bb]<\/p>\n<h2>Apolog\u00e9tica Hist\u00f3rica<\/h2>\n<p>[\/et_pb_text][\/et_pb_column][\/et_pb_row][et_pb_row column_structure=\u00bb1_4,1_4,1_4,1_4&#8243; make_equal=\u00bbon\u00bb _builder_version=\u00bb4.27.4&#8243; _module_preset=\u00bbdefault\u00bb global_colors_info=\u00bb{}\u00bb][et_pb_column type=\u00bb1_4&#8243; _builder_version=\u00bb4.27.4&#8243; _module_preset=\u00bbdefault\u00bb global_colors_info=\u00bb{}\u00bb][et_pb_blurb title=\u00bbLa Inquisici\u00f3n &#8211;  Cristi\u00e1n Rodrigo Iturralde\u00bb url=\u00bbhttps:\/\/www.amazon.com\/-\/es\/Inquisici%C3%B3n-tribunal-misericordia-Spanish\/dp\/168661814X\/ref=sr_1_1?dib=eyJ2IjoiMSJ9.vlanw8DjTm1TGVsqXhPJRe-6PYnroZnqIheqGQQOfQDAUuZ47DUIUcBLZnbP-Jxu7XzKmQQkThEzs26DEr-Je2hLM9Tgr0Jsw9DFtxLFGZ58TSP86fL-aiAyfnj8_4J-3rAzXp_VHWmj4hvPMSo8BmIMN6cNm0VvdK5-xdlFA-GjPjFo72WOzhFK3SeKxoeyW7ItirP9F39jIu8SZpWA8uER1qNumQxFALEV-z4RSOw.ZMvnNFUDE0SSpsRyM5AIBqkoqy_R9LdyE7Pb0VPmaSU&#038;dib_tag=se&#038;keywords=inquisicion+tribunal&#038;qid=1739396412&#038;sr=8-1&#8243; image=\u00bbhttps:\/\/academiacatolica.com\/wp-content\/uploads\/2025\/02\/41QHbLHdt6L.jpg\u00bb _builder_version=\u00bb4.27.4&#8243; _module_preset=\u00bbdefault\u00bb header_font=\u00bbAbyssinica SIL|700|||||||\u00bb header_text_align=\u00bbcenter\u00bb header_text_color=\u00bb#283E51&#8243; body_font=\u00bbAbyssinica SIL||||||||\u00bb body_text_align=\u00bbjustify\u00bb body_text_color=\u00bb#0A1E2F\u00bb body_font_size=\u00bb15px\u00bb body_line_height=\u00bb1.3em\u00bb global_colors_info=\u00bb{}\u00bb]<\/p>\n<p id=\"title\" class=\"a-spacing-none a-text-normal\"><span id=\"productTitle\" class=\"a-size-large celwidget\" data-csa-c-id=\"1ijn4l-fzv7ev-uz33qe-ezdu7r\" data-cel-widget=\"productTitle\">La Inquisici\u00f3n: Un tribunal de misericordia<span>\u00a0<\/span><\/span><span id=\"productSubtitle\" class=\"a-size-medium a-color-secondary celwidget\" data-csa-c-id=\"c4abj7-708f0w-ipquqm-61n5wh\" data-cel-widget=\"productSubtitle\">Tapa blanda<\/span><\/p>\n<p>[\/et_pb_blurb][\/et_pb_column][et_pb_column type=\u00bb1_4&#8243; _builder_version=\u00bb4.27.4&#8243; _module_preset=\u00bbdefault\u00bb global_colors_info=\u00bb{}\u00bb][et_pb_blurb title=\u00bb1492 &#8211; Cristian Rodrigo Iturralde\u00bb url=\u00bbhttps:\/\/www.amazon.com\/-\/es\/1492-barbarie-comienzo-civilizaci%C3%B3n-Am%C3%A9rica\/dp\/9874550112\/ref=sr_1_1?__mk_es_US=%C3%85M%C3%85%C5%BD%C3%95%C3%91&#038;crid=3OAE39GFMEL12&#038;dib=eyJ2IjoiMSJ9.i18C_n6sUrhgv7uACgRRCAfFXPI_9JpOnAoGBzp1CEvG704yndY_Kq924Dyo-od3.qUxWDSBLvdG1vJVmlMBkI9CYROWHM9MbbBoFGZMgJo0&#038;dib_tag=se&#038;keywords=1492+iturralde&#038;qid=1739397560&#038;s=books&#038;sprefix=1492+iturralde%2Cstripbooks-intl-ship%2C151&#038;sr=1-1&#8243; image=\u00bbhttps:\/\/academiacatolica.com\/wp-content\/uploads\/2025\/02\/41yIDkno6KL._SY466_.jpg\u00bb _builder_version=\u00bb4.27.4&#8243; _module_preset=\u00bbdefault\u00bb header_font=\u00bbAbyssinica SIL|700|||||||\u00bb header_text_align=\u00bbcenter\u00bb header_text_color=\u00bb#283E51&#8243; body_font=\u00bbAbyssinica SIL||||||||\u00bb body_text_align=\u00bbjustify\u00bb body_text_color=\u00bb#0A1E2F\u00bb body_font_size=\u00bb15px\u00bb body_line_height=\u00bb1.3em\u00bb global_colors_info=\u00bb{}\u00bb]<\/p>\n<p id=\"title\" class=\"a-spacing-none a-text-normal\"><span id=\"productTitle\" class=\"a-size-large celwidget\" data-csa-c-id=\"jhyget-eooy0y-f4s1o9-twwobw\">Fin de la barbarie, comienzo de la civilizaci\u00f3n en Am\u00e9rica<\/span><\/p>\n<p>[\/et_pb_blurb][\/et_pb_column][et_pb_column type=\u00bb1_4&#8243; _builder_version=\u00bb4.27.4&#8243; _module_preset=\u00bbdefault\u00bb global_colors_info=\u00bb{}\u00bb][et_pb_blurb title=\u00bbQue no te la cuenten TOMO I &#8211; Javier Olivera Ravasi\u00bb url=\u00bbhttps:\/\/editorial.quenotelacuenten.org\/productos\/que-no-te-la-cuenten-tomo-i\/\u00bb image=\u00bbhttps:\/\/academiacatolica.com\/wp-content\/uploads\/2025\/02\/que-no-te-la-cuenten-tomo-i-p-javier-olivera-ravasi-editorial-qntlc1-06d9871b2c39c4a05316208265733201-640-0.webp\u00bb _builder_version=\u00bb4.27.4&#8243; _module_preset=\u00bbdefault\u00bb header_font=\u00bbAbyssinica SIL|700|||||||\u00bb header_text_align=\u00bbcenter\u00bb header_text_color=\u00bb#283E51&#8243; body_font=\u00bbAbyssinica SIL||||||||\u00bb body_text_align=\u00bbjustify\u00bb body_text_color=\u00bb#0A1E2F\u00bb body_font_size=\u00bb15px\u00bb body_line_height=\u00bb1.3em\u00bb global_colors_info=\u00bb{}\u00bb]<\/p>\n<p>QUE NO TE LA CUENTEN TOMO I\u00a0La falsificaci\u00f3n de la realidad<\/p>\n<p>[\/et_pb_blurb][\/et_pb_column][et_pb_column type=\u00bb1_4&#8243; _builder_version=\u00bb4.27.4&#8243; _module_preset=\u00bbdefault\u00bb global_colors_info=\u00bb{}\u00bb][\/et_pb_column][\/et_pb_row][\/et_pb_section]<\/p>\n","protected":false},"excerpt":{"rendered":"<p>Lecturas RecomendadasEconom\u00eda y Pol\u00edticaLa econom\u00eda no tiene un fin en s\u00ed, como si fuese un Dios. La econom\u00eda est\u00e1 en funci\u00f3n del hombre. Debe servir al hombreLa econom\u00eda no tiene un fin en s\u00ed, como si fuese un Dios. La econom\u00eda est\u00e1 en funci\u00f3n del hombre. Debe servir al hombreBiblias y Meditaci\u00f3nSagrada Biblia &#8211; Mons. [&hellip;]<\/p>\n","protected":false},"author":1,"featured_media":0,"parent":0,"menu_order":0,"comment_status":"closed","ping_status":"closed","template":"","meta":{"_et_pb_use_builder":"on","_et_pb_old_content":"","_et_gb_content_width":"","footnotes":""},"class_list":["post-821","page","type-page","status-publish","hentry"],"yoast_head":"<!-- This site is optimized with the Yoast SEO plugin v27.5 - https:\/\/yoast.com\/product\/yoast-seo-wordpress\/ -->\n<title>Lecturas Recomendadas - academiacatolica.com | Hacia la contemplaci\u00f3n de la verdad<\/title>\n<meta name=\"robots\" content=\"index, follow, max-snippet:-1, max-image-preview:large, max-video-preview:-1\" \/>\n<link rel=\"canonical\" href=\"https:\/\/academiacatolica.com\/index.php\/lecturas-recomendadas\/\" \/>\n<meta property=\"og:locale\" content=\"es_ES\" \/>\n<meta property=\"og:type\" content=\"article\" \/>\n<meta property=\"og:title\" content=\"Lecturas Recomendadas - academiacatolica.com | Hacia la contemplaci\u00f3n de la verdad\" \/>\n<meta property=\"og:description\" content=\"Lecturas RecomendadasEconom\u00eda y Pol\u00edticaLa econom\u00eda no tiene un fin en s\u00ed, como si fuese un Dios. La econom\u00eda est\u00e1 en funci\u00f3n del hombre. Debe servir al hombreLa econom\u00eda no tiene un fin en s\u00ed, como si fuese un Dios. La econom\u00eda est\u00e1 en funci\u00f3n del hombre. Debe servir al hombreBiblias y Meditaci\u00f3nSagrada Biblia - Mons. [&hellip;]\" \/>\n<meta property=\"og:url\" content=\"https:\/\/academiacatolica.com\/index.php\/lecturas-recomendadas\/\" \/>\n<meta property=\"og:site_name\" content=\"academiacatolica.com | Hacia la contemplaci\u00f3n de la verdad\" \/>\n<meta property=\"article:modified_time\" content=\"2025-07-23T22:27:33+00:00\" \/>\n<meta name=\"twitter:card\" content=\"summary_large_image\" \/>\n<script type=\"application\/ld+json\" class=\"yoast-schema-graph\">{\"@context\":\"https:\\\/\\\/schema.org\",\"@graph\":[{\"@type\":\"WebPage\",\"@id\":\"https:\\\/\\\/academiacatolica.com\\\/index.php\\\/lecturas-recomendadas\\\/\",\"url\":\"https:\\\/\\\/academiacatolica.com\\\/index.php\\\/lecturas-recomendadas\\\/\",\"name\":\"Lecturas Recomendadas - academiacatolica.com | Hacia la contemplaci\u00f3n de la verdad\",\"isPartOf\":{\"@id\":\"https:\\\/\\\/academiacatolica.com\\\/#website\"},\"datePublished\":\"2025-02-12T19:27:39+00:00\",\"dateModified\":\"2025-07-23T22:27:33+00:00\",\"breadcrumb\":{\"@id\":\"https:\\\/\\\/academiacatolica.com\\\/index.php\\\/lecturas-recomendadas\\\/#breadcrumb\"},\"inLanguage\":\"es\",\"potentialAction\":[{\"@type\":\"ReadAction\",\"target\":[\"https:\\\/\\\/academiacatolica.com\\\/index.php\\\/lecturas-recomendadas\\\/\"]}]},{\"@type\":\"BreadcrumbList\",\"@id\":\"https:\\\/\\\/academiacatolica.com\\\/index.php\\\/lecturas-recomendadas\\\/#breadcrumb\",\"itemListElement\":[{\"@type\":\"ListItem\",\"position\":1,\"name\":\"Home\",\"item\":\"https:\\\/\\\/academiacatolica.com\\\/\"},{\"@type\":\"ListItem\",\"position\":2,\"name\":\"Lecturas Recomendadas\"}]},{\"@type\":\"WebSite\",\"@id\":\"https:\\\/\\\/academiacatolica.com\\\/#website\",\"url\":\"https:\\\/\\\/academiacatolica.com\\\/\",\"name\":\"academiacatolica.com | Hacia la contemplaci\u00f3n de la verdad\",\"description\":\"P\u00e1gina Web Oficial del P. Tom\u00e1s Agust\u00edn Beroch - Catequesis digital\",\"potentialAction\":[{\"@type\":\"SearchAction\",\"target\":{\"@type\":\"EntryPoint\",\"urlTemplate\":\"https:\\\/\\\/academiacatolica.com\\\/?s={search_term_string}\"},\"query-input\":{\"@type\":\"PropertyValueSpecification\",\"valueRequired\":true,\"valueName\":\"search_term_string\"}}],\"inLanguage\":\"es\"}]}<\/script>\n<!-- \/ Yoast SEO plugin. -->","yoast_head_json":{"title":"Lecturas Recomendadas - academiacatolica.com | Hacia la contemplaci\u00f3n de la verdad","robots":{"index":"index","follow":"follow","max-snippet":"max-snippet:-1","max-image-preview":"max-image-preview:large","max-video-preview":"max-video-preview:-1"},"canonical":"https:\/\/academiacatolica.com\/index.php\/lecturas-recomendadas\/","og_locale":"es_ES","og_type":"article","og_title":"Lecturas Recomendadas - academiacatolica.com | Hacia la contemplaci\u00f3n de la verdad","og_description":"Lecturas RecomendadasEconom\u00eda y Pol\u00edticaLa econom\u00eda no tiene un fin en s\u00ed, como si fuese un Dios. La econom\u00eda est\u00e1 en funci\u00f3n del hombre. Debe servir al hombreLa econom\u00eda no tiene un fin en s\u00ed, como si fuese un Dios. La econom\u00eda est\u00e1 en funci\u00f3n del hombre. Debe servir al hombreBiblias y Meditaci\u00f3nSagrada Biblia - Mons. [&hellip;]","og_url":"https:\/\/academiacatolica.com\/index.php\/lecturas-recomendadas\/","og_site_name":"academiacatolica.com | Hacia la contemplaci\u00f3n de la verdad","article_modified_time":"2025-07-23T22:27:33+00:00","twitter_card":"summary_large_image","schema":{"@context":"https:\/\/schema.org","@graph":[{"@type":"WebPage","@id":"https:\/\/academiacatolica.com\/index.php\/lecturas-recomendadas\/","url":"https:\/\/academiacatolica.com\/index.php\/lecturas-recomendadas\/","name":"Lecturas Recomendadas - academiacatolica.com | Hacia la contemplaci\u00f3n de la verdad","isPartOf":{"@id":"https:\/\/academiacatolica.com\/#website"},"datePublished":"2025-02-12T19:27:39+00:00","dateModified":"2025-07-23T22:27:33+00:00","breadcrumb":{"@id":"https:\/\/academiacatolica.com\/index.php\/lecturas-recomendadas\/#breadcrumb"},"inLanguage":"es","potentialAction":[{"@type":"ReadAction","target":["https:\/\/academiacatolica.com\/index.php\/lecturas-recomendadas\/"]}]},{"@type":"BreadcrumbList","@id":"https:\/\/academiacatolica.com\/index.php\/lecturas-recomendadas\/#breadcrumb","itemListElement":[{"@type":"ListItem","position":1,"name":"Home","item":"https:\/\/academiacatolica.com\/"},{"@type":"ListItem","position":2,"name":"Lecturas Recomendadas"}]},{"@type":"WebSite","@id":"https:\/\/academiacatolica.com\/#website","url":"https:\/\/academiacatolica.com\/","name":"academiacatolica.com | Hacia la contemplaci\u00f3n de la verdad","description":"P\u00e1gina Web Oficial del P. Tom\u00e1s Agust\u00edn Beroch - Catequesis digital","potentialAction":[{"@type":"SearchAction","target":{"@type":"EntryPoint","urlTemplate":"https:\/\/academiacatolica.com\/?s={search_term_string}"},"query-input":{"@type":"PropertyValueSpecification","valueRequired":true,"valueName":"search_term_string"}}],"inLanguage":"es"}]}},"_links":{"self":[{"href":"https:\/\/academiacatolica.com\/index.php\/wp-json\/wp\/v2\/pages\/821","targetHints":{"allow":["GET"]}}],"collection":[{"href":"https:\/\/academiacatolica.com\/index.php\/wp-json\/wp\/v2\/pages"}],"about":[{"href":"https:\/\/academiacatolica.com\/index.php\/wp-json\/wp\/v2\/types\/page"}],"author":[{"embeddable":true,"href":"https:\/\/academiacatolica.com\/index.php\/wp-json\/wp\/v2\/users\/1"}],"replies":[{"embeddable":true,"href":"https:\/\/academiacatolica.com\/index.php\/wp-json\/wp\/v2\/comments?post=821"}],"version-history":[{"count":28,"href":"https:\/\/academiacatolica.com\/index.php\/wp-json\/wp\/v2\/pages\/821\/revisions"}],"predecessor-version":[{"id":1084,"href":"https:\/\/academiacatolica.com\/index.php\/wp-json\/wp\/v2\/pages\/821\/revisions\/1084"}],"wp:attachment":[{"href":"https:\/\/academiacatolica.com\/index.php\/wp-json\/wp\/v2\/media?parent=821"}],"curies":[{"name":"wp","href":"https:\/\/api.w.org\/{rel}","templated":true}]}}