{"id":984,"date":"2025-06-06T15:57:27","date_gmt":"2025-06-06T20:57:27","guid":{"rendered":"https:\/\/academiacatolica.com\/?page_id=984"},"modified":"2025-07-30T17:56:47","modified_gmt":"2025-07-30T22:56:47","slug":"984-2","status":"publish","type":"page","link":"https:\/\/academiacatolica.com\/index.php\/984-2\/","title":{"rendered":"Sobre m\u00ed"},"content":{"rendered":"<p>[et_pb_section fb_built=\u00bb1&#8243; admin_label=\u00bbHeader\u00bb _builder_version=\u00bb4.17.4&#8243; _module_preset=\u00bbdefault\u00bb custom_padding=\u00bb0px||0px||false|false\u00bb collapsed=\u00bbon\u00bb global_colors_info=\u00bb{}\u00bb][et_pb_row column_structure=\u00bb1_2,1_2&#8243; use_custom_gutter=\u00bbon\u00bb gutter_width=\u00bb1&#8243; make_equal=\u00bbon\u00bb _builder_version=\u00bb4.27.4&#8243; _module_preset=\u00bbdefault\u00bb background_enable_color=\u00bboff\u00bb background_enable_image=\u00bboff\u00bb background_size=\u00bbcontain\u00bb background_position=\u00bbtop_center\u00bb width=\u00bb100%\u00bb max_width=\u00bb100%\u00bb custom_padding=\u00bb0px||0px||false|false\u00bb hover_enabled=\u00bb0&#8243; global_colors_info=\u00bb{}\u00bb sticky_enabled=\u00bb0&#8243;][et_pb_column type=\u00bb1_2&#8243; _builder_version=\u00bb4.27.4&#8243; _module_preset=\u00bbdefault\u00bb background_color=\u00bb#0A1E2F\u00bb custom_padding=\u00bb8%|4%|8%|4%|true|true\u00bb custom_padding_tablet=\u00bb|8%||8%|true|true\u00bb custom_padding_phone=\u00bb8%||8%||true|true\u00bb custom_padding_last_edited=\u00bbon|desktop\u00bb hover_enabled=\u00bb0&#8243; global_colors_info=\u00bb{}\u00bb title_text=\u00bb4&#8243; background_image=\u00bbhttps:\/\/academiacatolica.com\/wp-content\/uploads\/2024\/03\/4.png\u00bb background_blend=\u00bbmultiply\u00bb background_repeat=\u00bbrepeat\u00bb sticky_enabled=\u00bb0&#8243;][et_pb_text _builder_version=\u00bb4.27.4&#8243; _module_preset=\u00bbc16985e1-e0d6-4022-964d-e2bfc04fa633&#8243; header_font=\u00bbBodoni Moda||||||||\u00bb header_text_color=\u00bb#FFFFFF\u00bb header_font_size=\u00bb100px\u00bb text_orientation=\u00bbcenter\u00bb custom_margin=\u00bb||30px||false|false\u00bb header_font_size_tablet=\u00bb60px\u00bb header_font_size_phone=\u00bb24px\u00bb header_font_size_last_edited=\u00bbon|tablet\u00bb global_colors_info=\u00bb{}\u00bb]<\/p>\n<h1>P. Tom\u00e1s Beroch<\/h1>\n<p>[\/et_pb_text][et_pb_image src=\u00bbhttps:\/\/academiacatolica.com\/wp-content\/uploads\/2024\/03\/Tomas-agustin-beroch-tritten-sacerdote-padre-tomas-agustin.jpg\u00bb title_text=\u00bbTomas agustin beroch tritten sacerdote padre tom\u00e1s agust\u00edn\u00bb align=\u00bbcenter\u00bb _builder_version=\u00bb4.27.4&#8243; _module_preset=\u00bbdefault\u00bb width=\u00bb50%\u00bb box_shadow_style=\u00bbpreset4&#8243; global_colors_info=\u00bb{}\u00bb][\/et_pb_image][et_pb_image src=\u00bbhttps:\/\/academiacatolica.com\/wp-content\/uploads\/2024\/03\/cropped-short-logo.png\u00bb title_text=\u00bbcropped-short-logo.png\u00bb _builder_version=\u00bb4.27.4&#8243; _module_preset=\u00bbdefault\u00bb width=\u00bb25%\u00bb custom_margin=\u00bb-15%|||20%|false|false\u00bb global_colors_info=\u00bb{}\u00bb][\/et_pb_image][\/et_pb_column][et_pb_column type=\u00bb1_2&#8243; _builder_version=\u00bb4.27.4&#8243; _module_preset=\u00bbdefault\u00bb background_color=\u00bb#283E51&#8243; custom_padding=\u00bb8%|4%|8%|4%|true|true\u00bb custom_padding_tablet=\u00bb|8%||8%|true|true\u00bb custom_padding_phone=\u00bb8%||8%||true|true\u00bb custom_padding_last_edited=\u00bbon|desktop\u00bb global_colors_info=\u00bb{}\u00bb][et_pb_text _builder_version=\u00bb4.27.4&#8243; _module_preset=\u00bbaaa7c440-590a-4078-ae0c-0f3c699ac51c\u00bb text_font=\u00bb&#8211;et_global_heading_font||||||||\u00bb text_text_color=\u00bb#e5e5e5&#8243; text_font_size=\u00bb18px\u00bb header_font=\u00bb||||||||\u00bb header_3_font=\u00bbBodoni Moda||||||||\u00bb header_3_text_color=\u00bb#FFFFFF\u00bb header_3_font_size=\u00bb40px\u00bb header_3_line_height=\u00bb1.5em\u00bb header_4_font=\u00bbAbyssinica SIL|700|||||||\u00bb header_4_text_color=\u00bbrgba(114,142,168,0.96)\u00bb header_4_font_size=\u00bb47px\u00bb header_4_letter_spacing=\u00bb2px\u00bb header_4_line_height=\u00bb1.1em\u00bb header_5_font=\u00bbAbyssinica SIL||||||||\u00bb header_5_text_color=\u00bb#d3d3d3&#8243; header_5_font_size=\u00bb30px\u00bb header_5_line_height=\u00bb1.4em\u00bb header_6_font=\u00bb&#8211;et_global_body_font||||||||\u00bb header_6_text_color=\u00bbrgba(255,255,255,0.7)\u00bb header_6_font_size=\u00bb15px\u00bb header_6_line_height=\u00bb1.9em\u00bb width_tablet=\u00bb100%\u00bb width_phone=\u00bb100%\u00bb width_last_edited=\u00bboff|desktop\u00bb max_width=\u00bb700px\u00bb header_3_font_size_tablet=\u00bb20px\u00bb header_3_font_size_phone=\u00bb16px\u00bb header_3_font_size_last_edited=\u00bbon|phone\u00bb header_4_text_shadow_style=\u00bbpreset2&#8243; global_colors_info=\u00bb{}\u00bb width__hover_enabled=\u00bboff|desktop\u00bb]<\/p>\n<h4 data-start=\"226\" data-end=\"446\">Fiel a la doctrina<br \/>Amante de la liturgia<br \/>Misionero digital<\/h4>\n<p>&nbsp;<\/p>\n<h6 data-start=\"226\" data-end=\"446\">Sacerdote argentino incardinado en la Di\u00f3cesis de Savannah (Georgia, EE. UU.), con 15 a\u00f1os de ministerio al servicio de Cristo y su Iglesia. Fiel a la doctrina cat\u00f3lica, apasionado por la liturgia, profundamente mariano y convencido de que internet es hoy un verdadero campo de misi\u00f3n: el \u201csexto continente\u201d. All\u00ed anuncia el Evangelio con claridad, celo y amor por la verdad.<\/h6>\n<p>[\/et_pb_text][et_pb_text _builder_version=\u00bb4.27.4&#8243; _module_preset=\u00bb1f09816e-184e-4ce5-a4cf-b39c52c423ca\u00bb text_font=\u00bbMulish||||||||\u00bb text_text_color=\u00bbrgba(255,255,255,0.7)\u00bb text_font_size=\u00bb16px\u00bb text_line_height=\u00bb1.75em\u00bb position_origin_a=\u00bbbottom_right\u00bb position_origin_a_tablet=\u00bbbottom_right\u00bb position_origin_a_phone=\u00bbbottom_right\u00bb position_origin_a_last_edited=\u00bboff|desktop\u00bb position_origin_f_last_edited=\u00bboff|desktop\u00bb position_origin_r_last_edited=\u00bboff|desktop\u00bb width_tablet=\u00bb100%\u00bb width_phone=\u00bb100%\u00bb width_last_edited=\u00bboff|desktop\u00bb max_width=\u00bb500px\u00bb custom_margin=\u00bb22.2%||||false|false\u00bb custom_margin_tablet=\u00bb20px||||false|false\u00bb custom_margin_phone=\u00bb20px||||false|false\u00bb custom_margin_last_edited=\u00bbon|tablet\u00bb custom_padding=\u00bb|60px|||false|false\u00bb custom_padding_tablet=\u00bb|0px|0px||false|false\u00bb custom_padding_phone=\u00bb|0px|0px||false|false\u00bb custom_padding_last_edited=\u00bboff|tablet\u00bb text_font_size_tablet=\u00bb15px\u00bb text_font_size_phone=\u00bb14px\u00bb text_font_size_last_edited=\u00bbon|phone\u00bb header_font_size_tablet=\u00bb55px\u00bb header_font_size_last_edited=\u00bboff|desktop\u00bb positioning_tablet=\u00bbnone\u00bb positioning_phone=\u00bbnone\u00bb positioning_last_edited=\u00bboff|desktop\u00bb global_colors_info=\u00bb{}\u00bb width__hover_enabled=\u00bboff|desktop\u00bb]<\/p>\n<p data-start=\"226\" data-end=\"446\">\n<blockquote data-start=\"448\" data-end=\"558\">\n<p data-start=\"450\" data-end=\"558\"><em data-start=\"450\" data-end=\"558\">\u201cSin la Santa Misa el mundo se hundir\u00eda.<br data-start=\"491\" data-end=\"494\" \/>Sin sacerdotes no hay gracia, y sin gracia no hay salvaci\u00f3n.\u201d<\/em><\/p>\n<\/blockquote>\n<p>[\/et_pb_text][\/et_pb_column][\/et_pb_row][\/et_pb_section][et_pb_section fb_built=\u00bb1&#8243; admin_label=\u00bbAbout\u00bb _builder_version=\u00bb4.27.4&#8243; _module_preset=\u00bbdefault\u00bb background_color=\u00bb#dbedf9&#8243; collapsed=\u00bbon\u00bb global_colors_info=\u00bb{}\u00bb][et_pb_row _builder_version=\u00bb4.17.4&#8243; _module_preset=\u00bbdefault\u00bb max_width=\u00bb700px\u00bb global_colors_info=\u00bb{}\u00bb][et_pb_column type=\u00bb4_4&#8243; _builder_version=\u00bb4.17.4&#8243; _module_preset=\u00bbdefault\u00bb global_colors_info=\u00bb{}\u00bb][et_pb_image src=\u00bbhttps:\/\/academiacatolica.com\/wp-content\/uploads\/2025\/06\/jewelry-designer-3.png\u00bb title_text=\u00bbjewelry-designer-3&#8243; _builder_version=\u00bb4.17.4&#8243; _module_preset=\u00bbdefault\u00bb positioning=\u00bbabsolute\u00bb position_origin_a=\u00bbbottom_left\u00bb width=\u00bb10%\u00bb custom_margin=\u00bb||-5%|-15%|false|false\u00bb global_colors_info=\u00bb{}\u00bb][\/et_pb_image][et_pb_text _builder_version=\u00bb4.27.4&#8243; _module_preset=\u00bbb327cbe4-b1d5-4b66-ad37-40c8f2f061ba\u00bb text_font_size=\u00bb11px\u00bb header_2_font=\u00bb&#8211;et_global_heading_font||||||||\u00bb header_2_text_color=\u00bb#3A0400&#8243; header_2_font_size=\u00bb37px\u00bb header_2_line_height=\u00bb1.2em\u00bb header_2_font_size_tablet=\u00bb32px\u00bb header_2_font_size_phone=\u00bb20px\u00bb header_2_font_size_last_edited=\u00bbon|desktop\u00bb global_colors_info=\u00bb{}\u00bb]<\/p>\n<h2>P.Tom\u00e1s Agust\u00edn Beroch Tritten<\/h2>\n<p>[\/et_pb_text][et_pb_text _builder_version=\u00bb4.27.4&#8243; _module_preset=\u00bb4c43b4b6-66bf-432d-959a-705bda24a650&#8243; text_font=\u00bb&#8211;et_global_heading_font||||||||\u00bb text_text_color=\u00bb#2B3D38&#8243; text_line_height=\u00bb1.85em\u00bb header_font_size_tablet=\u00bb55px\u00bb header_font_size_last_edited=\u00bboff|desktop\u00bb global_colors_info=\u00bb{}\u00bb]<\/p>\n<p data-start=\"293\" data-end=\"551\">Nacido el 3 de febrero de 1984 en Buenos Aires, Argentina, en una familia de origen suizo, el Padre Tom\u00e1s Beroch creci\u00f3 en un entorno marcado por la fe y la vocaci\u00f3n religiosa. Tiene un hermano y una hermana, esta \u00faltima tambi\u00e9n dedicada a la vida religiosa.<\/p>\n<p data-start=\"553\" data-end=\"868\">Su formaci\u00f3n comenz\u00f3 en el Seminario Internacional del Papa San Vitaliano en Montefiascone, Italia, donde curs\u00f3 el Bachillerato en Teolog\u00eda. Respondiendo al llamado vocacional desde joven, ingres\u00f3 al seminario del Instituto del Verbo Encarnado (IVE), realizando su formaci\u00f3n sacerdotal en Argentina, Chile e Italia.<\/p>\n<p data-start=\"870\" data-end=\"1085\">Posteriormente, obtuvo la Licenciatura en Filosof\u00eda en la Pontificia Universidad Urbaniana de Roma y culmin\u00f3 sus estudios con una Maestr\u00eda en Filosof\u00eda en la Pontificia Universidad Santo Tom\u00e1s de Aquino (Angelicum).<\/p>\n<p data-start=\"1087\" data-end=\"1485\">El 19 de junio de 2010 fue ordenado sacerdote en la Bas\u00edlica de San Pablo Extramuros, en Roma, lugar que guarda los restos del ap\u00f3stol San Pablo. Su vocaci\u00f3n estuvo siempre sostenida por la oraci\u00f3n perseverante de su madre, quien rez\u00f3 fervientemente al Padre P\u00edo de Pietrelcina. Como signo providencial, el Padre Tom\u00e1s celebr\u00f3 su primera Misa en la capilla donde el Padre P\u00edo ofreci\u00f3 la Eucarist\u00eda.<\/p>\n<p data-start=\"1487\" data-end=\"1759\">Desde 2019, ejerce su ministerio como p\u00e1rroco en la Di\u00f3cesis de Savannah, en Georgia, Estados Unidos. Habla con fluidez espa\u00f1ol, italiano e ingl\u00e9s, y se distingue por un estilo pastoral que combina fidelidad doctrinal, amor por la liturgia y una profunda devoci\u00f3n mariana.<\/p>\n<p data-start=\"1761\" data-end=\"1837\">En 2025, celebra con gratitud 15 a\u00f1os de sacerdocio, afirmando con humildad:<\/p>\n<p data-start=\"1839\" data-end=\"1998\"><em data-start=\"1839\" data-end=\"1998\">\u201cDebo dar gracias a Dios ante todo por el don de la perseverancia. La perseverancia en el sacerdocio no es m\u00e9rito m\u00edo, es un don de Dios que pido d\u00eda a d\u00eda\u201d.<\/em><\/p>\n<p data-start=\"2000\" data-end=\"2094\">Para el Padre Tom\u00e1s, el centro de la vida sacerdotal es la Santa Misa, citando al Cura de Ars:<\/p>\n<p data-start=\"2096\" data-end=\"2244\"><em data-start=\"2096\" data-end=\"2244\">\u201cSin la Santa Misa el mundo se hundir\u00eda. Sin sacerdotes no hay sacramentos, sin sacramentos no hay gracia de Dios, y sin gracia no hay salvaci\u00f3n\u201d.<\/em><\/p>\n<p data-start=\"2246\" data-end=\"2301\">Consciente de la crisis vocacional, anima a los fieles:<\/p>\n<p data-start=\"2303\" data-end=\"2435\"><em data-start=\"2303\" data-end=\"2435\">\u201cSi tienes un buen p\u00e1rroco, cu\u00eddalo. Ruega al Due\u00f1o de la mies que env\u00ede operarios. Los sacerdotes no abundan y la mies es mucha\u201d.<\/em><\/p>\n<p data-start=\"2437\" data-end=\"2552\">Agradece profundamente las oraciones de los fieles y conf\u00eda su perseverancia al amparo maternal de la Virgen Mar\u00eda:<\/p>\n<p data-start=\"2554\" data-end=\"2721\"><em data-start=\"2554\" data-end=\"2721\">\u201cA nuestra Madre Sant\u00edsima le doy gracias por el don de la perseverancia en el sacerdocio y le pido todos los d\u00edas la gracia de antes morir que dejar el ministerio\u201d.<\/em><\/p>\n<p data-start=\"2723\" data-end=\"3252\">[\/et_pb_text][\/et_pb_column][\/et_pb_row][\/et_pb_section][et_pb_section fb_built=\u00bb1&#8243; admin_label=\u00bbAbout\u00bb _builder_version=\u00bb4.27.4&#8243; _module_preset=\u00bbdefault\u00bb background_color=\u00bb#8499A9&#8243; collapsed=\u00bbon\u00bb global_colors_info=\u00bb{}\u00bb][et_pb_row column_structure=\u00bb2_3,1_3&#8243; _builder_version=\u00bb4.17.4&#8243; _module_preset=\u00bbdefault\u00bb global_colors_info=\u00bb{}\u00bb][et_pb_column type=\u00bb2_3&#8243; _builder_version=\u00bb4.17.4&#8243; _module_preset=\u00bbdefault\u00bb global_colors_info=\u00bb{}\u00bb][et_pb_image src=\u00bbhttps:\/\/academiacatolica.com\/wp-content\/uploads\/2025\/07\/El-padre-Tomas-le-pregunta-a-protestante-como-sabe-que-la-Biblia-es-Palabra-de-Dios.-\u00bfRespuesta.png\u00bb title_text=\u00bbEl padre Tomas le pregunta a protestante c\u00f3mo sabe que la Biblia es Palabra de Dios. \u00bfRespuesta\u00bb _builder_version=\u00bb4.27.4&#8243; _module_preset=\u00bbdefault\u00bb hover_enabled=\u00bb0&#8243; global_colors_info=\u00bb{}\u00bb sticky_enabled=\u00bb0&#8243;][\/et_pb_image][\/et_pb_column][et_pb_column type=\u00bb1_3&#8243; _builder_version=\u00bb4.17.4&#8243; _module_preset=\u00bbdefault\u00bb custom_padding=\u00bb10%||||false|false\u00bb global_colors_info=\u00bb{}\u00bb][et_pb_text _builder_version=\u00bb4.27.4&#8243; _module_preset=\u00bb4c43b4b6-66bf-432d-959a-705bda24a650&#8243; text_font=\u00bbAbyssinica SIL||||||||\u00bb text_text_color=\u00bb#283E51&#8243; text_line_height=\u00bb1.85em\u00bb header_font_size_tablet=\u00bb55px\u00bb header_font_size_last_edited=\u00bboff|desktop\u00bb global_colors_info=\u00bb{}\u00bb]<\/p>\n<p>Adem\u00e1s, ha iniciado un apostolado digital dirigido a sus parroquianos virtuales del \u201csexto continente\u201d \u2014la internet\u2014 donde se dedica a la apolog\u00e9tica hist\u00f3rica y la catequesis cat\u00f3lica, abordando temas de moral cristiana y respondiendo inquietudes que surgen en las almas. Actualmente acumula m\u00e1s de 220,000 seguidores en YouTube y utiliza especialmente Twitter para instruir a los cat\u00f3licos frente a los ataques contra la fe. Su estilo combina humor, inteligencia y un toque de sarcasmo, siempre manteniendo la caridad cat\u00f3lica.<\/p>\n<p>[\/et_pb_text][et_pb_button button_url=\u00bbhttps:\/\/www.youtube.com\/@fr.tomasberoch6242&#8243; url_new_window=\u00bbon\u00bb button_text=\u00bbVer Conferencias\u00bb _builder_version=\u00bb4.27.4&#8243; _module_preset=\u00bbdefault\u00bb custom_button=\u00bbon\u00bb button_icon=\u00bb&#xf167;||fa||400&#8243; button_on_hover=\u00bboff\u00bb global_colors_info=\u00bb{}\u00bb][\/et_pb_button][\/et_pb_column][\/et_pb_row][\/et_pb_section]<\/p>\n","protected":false},"excerpt":{"rendered":"<p>P. Tom\u00e1s BerochFiel a la doctrinaAmante de la liturgiaMisionero digital &nbsp; Sacerdote argentino incardinado en la Di\u00f3cesis de Savannah (Georgia, EE. UU.), con 15 a\u00f1os de ministerio al servicio de Cristo y su Iglesia. Fiel a la doctrina cat\u00f3lica, apasionado por la liturgia, profundamente mariano y convencido de que internet es hoy un verdadero campo [&hellip;]<\/p>\n","protected":false},"author":2,"featured_media":0,"parent":0,"menu_order":0,"comment_status":"closed","ping_status":"closed","template":"","meta":{"_et_pb_use_builder":"on","_et_pb_old_content":"","_et_gb_content_width":"","footnotes":""},"class_list":["post-984","page","type-page","status-publish","hentry"],"yoast_head":"<!-- This site is optimized with the Yoast SEO plugin v27.4 - https:\/\/yoast.com\/product\/yoast-seo-wordpress\/ -->\n<title>Sobre m\u00ed - academiacatolica.com | Hacia la contemplaci\u00f3n de la verdad<\/title>\n<meta name=\"robots\" content=\"index, follow, max-snippet:-1, max-image-preview:large, max-video-preview:-1\" \/>\n<link rel=\"canonical\" href=\"https:\/\/academiacatolica.com\/index.php\/984-2\/\" \/>\n<meta property=\"og:locale\" content=\"es_ES\" \/>\n<meta property=\"og:type\" content=\"article\" \/>\n<meta property=\"og:title\" content=\"Sobre m\u00ed - academiacatolica.com | Hacia la contemplaci\u00f3n de la verdad\" \/>\n<meta property=\"og:description\" content=\"P. Tom\u00e1s BerochFiel a la doctrinaAmante de la liturgiaMisionero digital &nbsp; Sacerdote argentino incardinado en la Di\u00f3cesis de Savannah (Georgia, EE. UU.), con 15 a\u00f1os de ministerio al servicio de Cristo y su Iglesia. Fiel a la doctrina cat\u00f3lica, apasionado por la liturgia, profundamente mariano y convencido de que internet es hoy un verdadero campo [&hellip;]\" \/>\n<meta property=\"og:url\" content=\"https:\/\/academiacatolica.com\/index.php\/984-2\/\" \/>\n<meta property=\"og:site_name\" content=\"academiacatolica.com | Hacia la contemplaci\u00f3n de la verdad\" \/>\n<meta property=\"article:modified_time\" content=\"2025-07-30T22:56:47+00:00\" \/>\n<meta name=\"twitter:card\" content=\"summary_large_image\" \/>\n<script type=\"application\/ld+json\" class=\"yoast-schema-graph\">{\"@context\":\"https:\\\/\\\/schema.org\",\"@graph\":[{\"@type\":\"WebPage\",\"@id\":\"https:\\\/\\\/academiacatolica.com\\\/index.php\\\/984-2\\\/\",\"url\":\"https:\\\/\\\/academiacatolica.com\\\/index.php\\\/984-2\\\/\",\"name\":\"Sobre m\u00ed - academiacatolica.com | Hacia la contemplaci\u00f3n de la verdad\",\"isPartOf\":{\"@id\":\"https:\\\/\\\/academiacatolica.com\\\/#website\"},\"datePublished\":\"2025-06-06T20:57:27+00:00\",\"dateModified\":\"2025-07-30T22:56:47+00:00\",\"breadcrumb\":{\"@id\":\"https:\\\/\\\/academiacatolica.com\\\/index.php\\\/984-2\\\/#breadcrumb\"},\"inLanguage\":\"es\",\"potentialAction\":[{\"@type\":\"ReadAction\",\"target\":[\"https:\\\/\\\/academiacatolica.com\\\/index.php\\\/984-2\\\/\"]}]},{\"@type\":\"BreadcrumbList\",\"@id\":\"https:\\\/\\\/academiacatolica.com\\\/index.php\\\/984-2\\\/#breadcrumb\",\"itemListElement\":[{\"@type\":\"ListItem\",\"position\":1,\"name\":\"Home\",\"item\":\"https:\\\/\\\/academiacatolica.com\\\/\"},{\"@type\":\"ListItem\",\"position\":2,\"name\":\"Sobre m\u00ed\"}]},{\"@type\":\"WebSite\",\"@id\":\"https:\\\/\\\/academiacatolica.com\\\/#website\",\"url\":\"https:\\\/\\\/academiacatolica.com\\\/\",\"name\":\"academiacatolica.com | Hacia la contemplaci\u00f3n de la verdad\",\"description\":\"P\u00e1gina Web Oficial del P. Tom\u00e1s Agust\u00edn Beroch - Catequesis digital\",\"potentialAction\":[{\"@type\":\"SearchAction\",\"target\":{\"@type\":\"EntryPoint\",\"urlTemplate\":\"https:\\\/\\\/academiacatolica.com\\\/?s={search_term_string}\"},\"query-input\":{\"@type\":\"PropertyValueSpecification\",\"valueRequired\":true,\"valueName\":\"search_term_string\"}}],\"inLanguage\":\"es\"}]}<\/script>\n<!-- \/ Yoast SEO plugin. -->","yoast_head_json":{"title":"Sobre m\u00ed - academiacatolica.com | Hacia la contemplaci\u00f3n de la verdad","robots":{"index":"index","follow":"follow","max-snippet":"max-snippet:-1","max-image-preview":"max-image-preview:large","max-video-preview":"max-video-preview:-1"},"canonical":"https:\/\/academiacatolica.com\/index.php\/984-2\/","og_locale":"es_ES","og_type":"article","og_title":"Sobre m\u00ed - academiacatolica.com | Hacia la contemplaci\u00f3n de la verdad","og_description":"P. Tom\u00e1s BerochFiel a la doctrinaAmante de la liturgiaMisionero digital &nbsp; Sacerdote argentino incardinado en la Di\u00f3cesis de Savannah (Georgia, EE. UU.), con 15 a\u00f1os de ministerio al servicio de Cristo y su Iglesia. Fiel a la doctrina cat\u00f3lica, apasionado por la liturgia, profundamente mariano y convencido de que internet es hoy un verdadero campo [&hellip;]","og_url":"https:\/\/academiacatolica.com\/index.php\/984-2\/","og_site_name":"academiacatolica.com | Hacia la contemplaci\u00f3n de la verdad","article_modified_time":"2025-07-30T22:56:47+00:00","twitter_card":"summary_large_image","schema":{"@context":"https:\/\/schema.org","@graph":[{"@type":"WebPage","@id":"https:\/\/academiacatolica.com\/index.php\/984-2\/","url":"https:\/\/academiacatolica.com\/index.php\/984-2\/","name":"Sobre m\u00ed - academiacatolica.com | Hacia la contemplaci\u00f3n de la verdad","isPartOf":{"@id":"https:\/\/academiacatolica.com\/#website"},"datePublished":"2025-06-06T20:57:27+00:00","dateModified":"2025-07-30T22:56:47+00:00","breadcrumb":{"@id":"https:\/\/academiacatolica.com\/index.php\/984-2\/#breadcrumb"},"inLanguage":"es","potentialAction":[{"@type":"ReadAction","target":["https:\/\/academiacatolica.com\/index.php\/984-2\/"]}]},{"@type":"BreadcrumbList","@id":"https:\/\/academiacatolica.com\/index.php\/984-2\/#breadcrumb","itemListElement":[{"@type":"ListItem","position":1,"name":"Home","item":"https:\/\/academiacatolica.com\/"},{"@type":"ListItem","position":2,"name":"Sobre m\u00ed"}]},{"@type":"WebSite","@id":"https:\/\/academiacatolica.com\/#website","url":"https:\/\/academiacatolica.com\/","name":"academiacatolica.com | Hacia la contemplaci\u00f3n de la verdad","description":"P\u00e1gina Web Oficial del P. Tom\u00e1s Agust\u00edn Beroch - Catequesis digital","potentialAction":[{"@type":"SearchAction","target":{"@type":"EntryPoint","urlTemplate":"https:\/\/academiacatolica.com\/?s={search_term_string}"},"query-input":{"@type":"PropertyValueSpecification","valueRequired":true,"valueName":"search_term_string"}}],"inLanguage":"es"}]}},"_links":{"self":[{"href":"https:\/\/academiacatolica.com\/index.php\/wp-json\/wp\/v2\/pages\/984","targetHints":{"allow":["GET"]}}],"collection":[{"href":"https:\/\/academiacatolica.com\/index.php\/wp-json\/wp\/v2\/pages"}],"about":[{"href":"https:\/\/academiacatolica.com\/index.php\/wp-json\/wp\/v2\/types\/page"}],"author":[{"embeddable":true,"href":"https:\/\/academiacatolica.com\/index.php\/wp-json\/wp\/v2\/users\/2"}],"replies":[{"embeddable":true,"href":"https:\/\/academiacatolica.com\/index.php\/wp-json\/wp\/v2\/comments?post=984"}],"version-history":[{"count":33,"href":"https:\/\/academiacatolica.com\/index.php\/wp-json\/wp\/v2\/pages\/984\/revisions"}],"predecessor-version":[{"id":1092,"href":"https:\/\/academiacatolica.com\/index.php\/wp-json\/wp\/v2\/pages\/984\/revisions\/1092"}],"wp:attachment":[{"href":"https:\/\/academiacatolica.com\/index.php\/wp-json\/wp\/v2\/media?parent=984"}],"curies":[{"name":"wp","href":"https:\/\/api.w.org\/{rel}","templated":true}]}}